{"id":8376,"date":"2023-10-16T09:26:05","date_gmt":"2023-10-16T07:26:05","guid":{"rendered":"https:\/\/www.camping-lelagon-argeles.com\/informationen-praktiken\/"},"modified":"2023-11-09T15:04:26","modified_gmt":"2023-11-09T14:04:26","slug":"informationen-praktiken","status":"publish","type":"page","link":"https:\/\/www.camping-lelagon-argeles.com\/de\/informationen-praktiken\/","title":{"rendered":"Kontakt und Zugang"},"content":{"rendered":"<section id=\"ls-section-block_5a9a1986ed8a197635430507020c6204\" class=\"ls-section  page-intro\" >\r\n        <div class=\"container \">\r\n        \n\n<h1 class=\"ls__heading wp-block-heading has-text-align-center\">Kontakt zur Lagune von Argel\u00e8s aufnehmen<\/h1>\n\n\r\n    <\/div>\r\n<\/section><section id=\"ls-section-block_63f863af101fa0f3a6ab70287e297e3f\" class=\"ls-section  page-one has-m-t m-t-0 has-p-t p-t-0\" >\r\n        <div class=\"container container--wide\">\r\n        \n\n<div class=\"wp-block-columns page-one is-layout-flex wp-container-core-columns-is-layout-9d6595d7 wp-block-columns-is-layout-flex\">\n<div class=\"wp-block-column is-layout-flow wp-block-column-is-layout-flow\">\n<h2 class=\"ls__heading wp-block-heading deco\">Kontaktdaten<\/h2>\n\n\n\n<div id=\"ls-infos-block_25f238e6bf7173f6b91c2853f997b6da\" class=\"ls-infos has-m-b m-b-7\">\n    \n    <div class=\"ls-infos__content\">\n\n        <div class=\"ls-infos__phone\">\n                        \n                        <i class=\"oreades-phone-call-02\"><\/i> +33 4 68 81 06 85            \n        <\/div>\n        <div class=\"ls-infos__mail\">\n            <i class=\"fas fa-envelope\"><\/i> contact@camping-lelagon-argeles.com        <\/div>\n\n        <div class=\"ls-infos__adresse\">\n            <i class='fas fa-map-marker-alt'><\/i>\n            <div class=\"ls-infos__adresse--content\">\n                25, avenue Moli\u00e8re <br \/>\n                66700                Argel\u00e8s-sur-Mer            <\/div>\n        <\/div>\n    <\/div>\n<\/div><\/div>\n\n\n\n<div class=\"wp-block-column is-layout-flow wp-block-column-is-layout-flow\">\n<div class=\"wp-block-contact-form-7-contact-form-selector\">\n<div class=\"wpcf7 no-js\" id=\"wpcf7-f8344-o1\" lang=\"de-DE\" dir=\"ltr\">\n<div class=\"screen-reader-response\"><p role=\"status\" aria-live=\"polite\" aria-atomic=\"true\"><\/p> <ul><\/ul><\/div>\n<form action=\"\/de\/wp-json\/wp\/v2\/pages\/8376#wpcf7-f8344-o1\" method=\"post\" class=\"wpcf7-form init\" aria-label=\"Kontaktformular\" novalidate=\"novalidate\" data-status=\"init\">\n<div style=\"display: none;\">\n<input type=\"hidden\" name=\"_wpcf7\" value=\"8344\" \/>\n<input type=\"hidden\" name=\"_wpcf7_version\" value=\"5.9.8\" \/>\n<input type=\"hidden\" name=\"_wpcf7_locale\" value=\"de_DE\" \/>\n<input type=\"hidden\" name=\"_wpcf7_unit_tag\" value=\"wpcf7-f8344-o1\" \/>\n<input type=\"hidden\" name=\"_wpcf7_container_post\" value=\"0\" \/>\n<input type=\"hidden\" name=\"_wpcf7_posted_data_hash\" value=\"\" \/>\n<input type=\"hidden\" name=\"_wpcf7_recaptcha_response\" value=\"\" \/>\n<\/div>\n<p><label> Ihr Name<br \/>\n<span class=\"wpcf7-form-control-wrap\" data-name=\"your-name\"><input size=\"40\" maxlength=\"400\" class=\"wpcf7-form-control wpcf7-text wpcf7-validates-as-required\" autocomplete=\"name\" aria-required=\"true\" aria-invalid=\"false\" value=\"\" type=\"text\" name=\"your-name\" \/><\/span> <\/label>\n<\/p>\n<p><label> Ihre E-Mail<br \/>\n<span class=\"wpcf7-form-control-wrap\" data-name=\"your-email\"><input size=\"40\" maxlength=\"400\" class=\"wpcf7-form-control wpcf7-email wpcf7-validates-as-required wpcf7-text wpcf7-validates-as-email\" autocomplete=\"email\" aria-required=\"true\" aria-invalid=\"false\" value=\"\" type=\"email\" name=\"your-email\" \/><\/span> <\/label>\n<\/p>\n<p><label> Objekt<br \/>\n<span class=\"wpcf7-form-control-wrap\" data-name=\"your-subject\"><input size=\"40\" maxlength=\"400\" class=\"wpcf7-form-control wpcf7-text wpcf7-validates-as-required\" aria-required=\"true\" aria-invalid=\"false\" value=\"\" type=\"text\" name=\"your-subject\" \/><\/span> <\/label>\n<\/p>\n<p><label> Ihre Nachricht<br \/>\n<span class=\"wpcf7-form-control-wrap\" data-name=\"your-message\"><textarea cols=\"40\" rows=\"10\" maxlength=\"2000\" class=\"wpcf7-form-control wpcf7-textarea\" aria-invalid=\"false\" name=\"your-message\"><\/textarea><\/span> <\/label><br \/>\n<span class=\"wpcf7-form-control-wrap\" data-name=\"acceptance-553\"><span class=\"wpcf7-form-control wpcf7-acceptance\"><span class=\"wpcf7-list-item\"><label><input type=\"checkbox\" name=\"acceptance-553\" value=\"1\" aria-invalid=\"false\" \/><span class=\"wpcf7-list-item-label\">Indem ich dieses K\u00e4stchen ankreuze, stimme ich der <a href=\"\/de\/datenschutzrichtlinie\/\" rel=\"nofollow\" target=\"_blank\">Datenschutzrichtlinie<\/a> dieser Website zu.<\/span><\/label><\/span><\/span><\/span><br \/>\n<input class=\"wpcf7-form-control wpcf7-submit has-spinner\" type=\"submit\" value=\"Senden Sie\" \/>\n<\/p><div class=\"wpcf7-response-output\" aria-hidden=\"true\"><\/div>\n<\/form>\n<\/div>\n<\/div>\n<\/div>\n<\/div>\n\n\r\n    <\/div>\r\n<\/section><section id=\"ls-section-block_479458130db11b3e373c6cf4602fdfaf\" class=\"ls-section  page-three has-background has-color-6-background-color has-p-t p-t-14 has-p-b p-b-14\" >\r\n        <div class=\"container container--full\">\r\n        \n\n<div class=\"wp-block-columns page-one is-layout-flex wp-container-core-columns-is-layout-9d6595d7 wp-block-columns-is-layout-flex\">\n<div class=\"wp-block-column is-layout-flow wp-block-column-is-layout-flow\">\n<iframe src=\"https:\/\/www.google.com\/maps\/embed?pb=!1m14!1m8!1m3!1d154902.37804942008!2d2.9896071651300216!3d42.56265276279284!3m2!1i1024!2i768!4f13.1!3m3!1m2!1s0x12b07f48fb9352c7%3A0xfda1fbf59884765b!2sCAMPING%20LE%20LAGON%20D'ARGELES!5e0!3m2!1sfr!2sar!4v1697831177839!5m2!1sfr!2sar\" width=\"100%\" height=\"100%\" style=\"border:0;\" allowfullscreen=\"\" loading=\"lazy\" referrerpolicy=\"no-referrer-when-downgrade\"><\/iframe>\n<\/div>\n\n\n\n<div class=\"wp-block-column m-r-6 is-layout-flow wp-block-column-is-layout-flow\">\n<h2 class=\"ls__heading wp-block-heading deco\">Zugang<\/h2>\n\n\n\n<p class=\"ls-paragraph\">Wie kommt man zu unserem <a href=\"https:\/\/www.camping-lelagon-argeles.com\/de\/\">Campingplatz in Argel\u00e8s-sur-Mer<\/a>?<\/p>\n\n\n\n<p class=\"ls-paragraph\"><strong>Mit dem Auto:<br\/><\/strong>Aus dem Norden: Autobahn A 9 &#8211; Ausfahrt Perpignan Sud, dann Schnellstra\u00dfe bis Argel\u00e8s-sur-Mer (20 km) Aus dem S\u00fcden: Autobahn A 9 &#8211; Ausfahrt Le Boulou. Argel\u00e8s ist \u00fcber die Schnellstra\u00dfe 18 km entfernt.<\/p>\n\n\n\n<p class=\"ls-paragraph\"><strong>Mit dem Zug :<\/strong><strong><br\/><\/strong>SNCF-Bahnhof in Argel\u00e8s village (2km vom Strand entfernt). Vom Bahnhof Argel\u00e8s aus gibt es einen Bus- und Taxiservice in Richtung Argel\u00e8s Plage.<\/p>\n\n\n\n<p class=\"ls-paragraph\"><strong>Mit dem Flugzeug :<\/strong><\/p>\n\n\n\n<ul class=\"ls-list wp-block-list\">\n<li>Internationaler Flughafen Perpignan-Rivesaltes 25 km von Argel\u00e8s-sur-Mer entfernt.<\/li>\n\n\n\n<li>Flughafen Girona 90 km von Argel\u00e8s-sur-Mer entfernt<\/li>\n\n\n\n<li>Flughafen Carcassonne 120 km<\/li>\n<\/ul>\n\n\n\n<p class=\"ls-paragraph\"><strong>GPS-Koordinaten:<\/strong> 42.56265276279284 \/ 3.030119249125073<\/p>\n<\/div>\n<\/div>\n\n\r\n    <\/div>\r\n<\/section>","protected":false},"excerpt":{"rendered":"","protected":false},"author":1,"featured_media":7378,"parent":0,"menu_order":0,"comment_status":"closed","ping_status":"closed","template":"","meta":{"_acf_changed":false,"inline_featured_image":false,"footnotes":""},"sujet":[],"class_list":["post-8376","page","type-page","status-publish","has-post-thumbnail","hentry"],"acf":[],"yoast_head":"<!-- This site is optimized with the Yoast SEO plugin v23.4 - https:\/\/yoast.com\/wordpress\/plugins\/seo\/ -->\n<title>Anreise nach Argel\u00e8s-sur-Mer f\u00fcr Ihren Urlaub auf unserem Campingplatz<\/title>\n<meta name=\"description\" content=\"Sie m\u00f6chten mit dem Auto, dem Zug oder dem Flugzeug nach Argel\u00e8s-sur-Mer reisen? Unser Campingplatz erkl\u00e4rt Ihnen, wie das geht!\" \/>\n<meta name=\"robots\" content=\"index, follow, max-snippet:-1, max-image-preview:large, max-video-preview:-1\" \/>\n<link rel=\"canonical\" href=\"https:\/\/www.camping-lelagon-argeles.com\/de\/informationen-praktiken\/\" \/>\n<meta property=\"og:locale\" content=\"de_DE\" \/>\n<meta property=\"og:type\" content=\"article\" \/>\n<meta property=\"og:title\" content=\"Anreise nach Argel\u00e8s-sur-Mer f\u00fcr Ihren Urlaub auf unserem Campingplatz\" \/>\n<meta property=\"og:description\" content=\"Sie m\u00f6chten mit dem Auto, dem Zug oder dem Flugzeug nach Argel\u00e8s-sur-Mer reisen? Unser Campingplatz erkl\u00e4rt Ihnen, wie das geht!\" \/>\n<meta property=\"og:url\" content=\"https:\/\/www.camping-lelagon-argeles.com\/de\/informationen-praktiken\/\" \/>\n<meta property=\"og:site_name\" content=\"Le Lagon d&#039;Argel\u00e8s-sur-Mer\" \/>\n<meta property=\"article:modified_time\" content=\"2023-11-09T14:04:26+00:00\" \/>\n<meta property=\"og:image\" content=\"https:\/\/www.camping-lelagon-argeles.com\/wp-content\/uploads\/2023\/10\/camping-lagon-argeles-1.webp\" \/>\n\t<meta property=\"og:image:width\" content=\"2000\" \/>\n\t<meta property=\"og:image:height\" content=\"1332\" \/>\n\t<meta property=\"og:image:type\" content=\"image\/webp\" \/>\n<meta name=\"twitter:card\" content=\"summary_large_image\" \/>\n<meta name=\"twitter:label1\" content=\"Gesch\u00e4tzte Lesezeit\" \/>\n\t<meta name=\"twitter:data1\" content=\"1\u00a0Minute\" \/>\n<script type=\"application\/ld+json\" class=\"yoast-schema-graph\">{\"@context\":\"https:\/\/schema.org\",\"@graph\":[{\"@type\":\"WebPage\",\"@id\":\"https:\/\/www.camping-lelagon-argeles.com\/de\/informationen-praktiken\/\",\"url\":\"https:\/\/www.camping-lelagon-argeles.com\/de\/informationen-praktiken\/\",\"name\":\"Anreise nach Argel\u00e8s-sur-Mer f\u00fcr Ihren Urlaub auf unserem Campingplatz\",\"isPartOf\":{\"@id\":\"https:\/\/www.camping-lelagon-argeles.com\/de\/#website\"},\"primaryImageOfPage\":{\"@id\":\"https:\/\/www.camping-lelagon-argeles.com\/de\/informationen-praktiken\/#primaryimage\"},\"image\":{\"@id\":\"https:\/\/www.camping-lelagon-argeles.com\/de\/informationen-praktiken\/#primaryimage\"},\"thumbnailUrl\":\"https:\/\/www.camping-lelagon-argeles.com\/wp-content\/uploads\/2023\/10\/camping-lagon-argeles-1.webp\",\"datePublished\":\"2023-10-16T07:26:05+00:00\",\"dateModified\":\"2023-11-09T14:04:26+00:00\",\"description\":\"Sie m\u00f6chten mit dem Auto, dem Zug oder dem Flugzeug nach Argel\u00e8s-sur-Mer reisen? Unser Campingplatz erkl\u00e4rt Ihnen, wie das geht!\",\"breadcrumb\":{\"@id\":\"https:\/\/www.camping-lelagon-argeles.com\/de\/informationen-praktiken\/#breadcrumb\"},\"inLanguage\":\"de\",\"potentialAction\":[{\"@type\":\"ReadAction\",\"target\":[\"https:\/\/www.camping-lelagon-argeles.com\/de\/informationen-praktiken\/\"]}]},{\"@type\":\"ImageObject\",\"inLanguage\":\"de\",\"@id\":\"https:\/\/www.camping-lelagon-argeles.com\/de\/informationen-praktiken\/#primaryimage\",\"url\":\"https:\/\/www.camping-lelagon-argeles.com\/wp-content\/uploads\/2023\/10\/camping-lagon-argeles-1.webp\",\"contentUrl\":\"https:\/\/www.camping-lelagon-argeles.com\/wp-content\/uploads\/2023\/10\/camping-lagon-argeles-1.webp\",\"width\":2000,\"height\":1332,\"caption\":\"camping lagon argeles\"},{\"@type\":\"BreadcrumbList\",\"@id\":\"https:\/\/www.camping-lelagon-argeles.com\/de\/informationen-praktiken\/#breadcrumb\",\"itemListElement\":[{\"@type\":\"ListItem\",\"position\":1,\"name\":\"Camping Argel\u00e8s-sur-Mer\",\"item\":\"https:\/\/www.camping-lelagon-argeles.com\/de\/\"},{\"@type\":\"ListItem\",\"position\":2,\"name\":\"Kontakt und Zugang\"}]},{\"@type\":\"WebSite\",\"@id\":\"https:\/\/www.camping-lelagon-argeles.com\/de\/#website\",\"url\":\"https:\/\/www.camping-lelagon-argeles.com\/de\/\",\"name\":\"Le Lagon d&#039;Argel\u00e8s-sur-Mer\",\"description\":\"\",\"publisher\":{\"@id\":\"https:\/\/www.camping-lelagon-argeles.com\/de\/#organization\"},\"potentialAction\":[{\"@type\":\"SearchAction\",\"target\":{\"@type\":\"EntryPoint\",\"urlTemplate\":\"https:\/\/www.camping-lelagon-argeles.com\/de\/?s={search_term_string}\"},\"query-input\":{\"@type\":\"PropertyValueSpecification\",\"valueRequired\":true,\"valueName\":\"search_term_string\"}}],\"inLanguage\":\"de\"},{\"@type\":\"Organization\",\"@id\":\"https:\/\/www.camping-lelagon-argeles.com\/de\/#organization\",\"name\":\"Le Lagon d&#039;Argel\u00e8s-sur-Mer\",\"url\":\"https:\/\/www.camping-lelagon-argeles.com\/de\/\",\"logo\":{\"@type\":\"ImageObject\",\"inLanguage\":\"de\",\"@id\":\"https:\/\/www.camping-lelagon-argeles.com\/de\/#\/schema\/logo\/image\/\",\"url\":\"https:\/\/www.camping-lelagon-argeles.com\/wp-content\/uploads\/2023\/10\/Le-Lagon-Argeles-Juillet-2023.png\",\"contentUrl\":\"https:\/\/www.camping-lelagon-argeles.com\/wp-content\/uploads\/2023\/10\/Le-Lagon-Argeles-Juillet-2023.png\",\"width\":1891,\"height\":745,\"caption\":\"Le Lagon d&#039;Argel\u00e8s-sur-Mer\"},\"image\":{\"@id\":\"https:\/\/www.camping-lelagon-argeles.com\/de\/#\/schema\/logo\/image\/\"}}]}<\/script>\n<!-- \/ Yoast SEO plugin. -->","yoast_head_json":{"title":"Anreise nach Argel\u00e8s-sur-Mer f\u00fcr Ihren Urlaub auf unserem Campingplatz","description":"Sie m\u00f6chten mit dem Auto, dem Zug oder dem Flugzeug nach Argel\u00e8s-sur-Mer reisen? Unser Campingplatz erkl\u00e4rt Ihnen, wie das geht!","robots":{"index":"index","follow":"follow","max-snippet":"max-snippet:-1","max-image-preview":"max-image-preview:large","max-video-preview":"max-video-preview:-1"},"canonical":"https:\/\/www.camping-lelagon-argeles.com\/de\/informationen-praktiken\/","og_locale":"de_DE","og_type":"article","og_title":"Anreise nach Argel\u00e8s-sur-Mer f\u00fcr Ihren Urlaub auf unserem Campingplatz","og_description":"Sie m\u00f6chten mit dem Auto, dem Zug oder dem Flugzeug nach Argel\u00e8s-sur-Mer reisen? Unser Campingplatz erkl\u00e4rt Ihnen, wie das geht!","og_url":"https:\/\/www.camping-lelagon-argeles.com\/de\/informationen-praktiken\/","og_site_name":"Le Lagon d&#039;Argel\u00e8s-sur-Mer","article_modified_time":"2023-11-09T14:04:26+00:00","og_image":[{"width":2000,"height":1332,"url":"https:\/\/www.camping-lelagon-argeles.com\/wp-content\/uploads\/2023\/10\/camping-lagon-argeles-1.webp","type":"image\/webp"}],"twitter_card":"summary_large_image","twitter_misc":{"Gesch\u00e4tzte Lesezeit":"1\u00a0Minute"},"schema":{"@context":"https:\/\/schema.org","@graph":[{"@type":"WebPage","@id":"https:\/\/www.camping-lelagon-argeles.com\/de\/informationen-praktiken\/","url":"https:\/\/www.camping-lelagon-argeles.com\/de\/informationen-praktiken\/","name":"Anreise nach Argel\u00e8s-sur-Mer f\u00fcr Ihren Urlaub auf unserem Campingplatz","isPartOf":{"@id":"https:\/\/www.camping-lelagon-argeles.com\/de\/#website"},"primaryImageOfPage":{"@id":"https:\/\/www.camping-lelagon-argeles.com\/de\/informationen-praktiken\/#primaryimage"},"image":{"@id":"https:\/\/www.camping-lelagon-argeles.com\/de\/informationen-praktiken\/#primaryimage"},"thumbnailUrl":"https:\/\/www.camping-lelagon-argeles.com\/wp-content\/uploads\/2023\/10\/camping-lagon-argeles-1.webp","datePublished":"2023-10-16T07:26:05+00:00","dateModified":"2023-11-09T14:04:26+00:00","description":"Sie m\u00f6chten mit dem Auto, dem Zug oder dem Flugzeug nach Argel\u00e8s-sur-Mer reisen? Unser Campingplatz erkl\u00e4rt Ihnen, wie das geht!","breadcrumb":{"@id":"https:\/\/www.camping-lelagon-argeles.com\/de\/informationen-praktiken\/#breadcrumb"},"inLanguage":"de","potentialAction":[{"@type":"ReadAction","target":["https:\/\/www.camping-lelagon-argeles.com\/de\/informationen-praktiken\/"]}]},{"@type":"ImageObject","inLanguage":"de","@id":"https:\/\/www.camping-lelagon-argeles.com\/de\/informationen-praktiken\/#primaryimage","url":"https:\/\/www.camping-lelagon-argeles.com\/wp-content\/uploads\/2023\/10\/camping-lagon-argeles-1.webp","contentUrl":"https:\/\/www.camping-lelagon-argeles.com\/wp-content\/uploads\/2023\/10\/camping-lagon-argeles-1.webp","width":2000,"height":1332,"caption":"camping lagon argeles"},{"@type":"BreadcrumbList","@id":"https:\/\/www.camping-lelagon-argeles.com\/de\/informationen-praktiken\/#breadcrumb","itemListElement":[{"@type":"ListItem","position":1,"name":"Camping Argel\u00e8s-sur-Mer","item":"https:\/\/www.camping-lelagon-argeles.com\/de\/"},{"@type":"ListItem","position":2,"name":"Kontakt und Zugang"}]},{"@type":"WebSite","@id":"https:\/\/www.camping-lelagon-argeles.com\/de\/#website","url":"https:\/\/www.camping-lelagon-argeles.com\/de\/","name":"Le Lagon d&#039;Argel\u00e8s-sur-Mer","description":"","publisher":{"@id":"https:\/\/www.camping-lelagon-argeles.com\/de\/#organization"},"potentialAction":[{"@type":"SearchAction","target":{"@type":"EntryPoint","urlTemplate":"https:\/\/www.camping-lelagon-argeles.com\/de\/?s={search_term_string}"},"query-input":{"@type":"PropertyValueSpecification","valueRequired":true,"valueName":"search_term_string"}}],"inLanguage":"de"},{"@type":"Organization","@id":"https:\/\/www.camping-lelagon-argeles.com\/de\/#organization","name":"Le Lagon d&#039;Argel\u00e8s-sur-Mer","url":"https:\/\/www.camping-lelagon-argeles.com\/de\/","logo":{"@type":"ImageObject","inLanguage":"de","@id":"https:\/\/www.camping-lelagon-argeles.com\/de\/#\/schema\/logo\/image\/","url":"https:\/\/www.camping-lelagon-argeles.com\/wp-content\/uploads\/2023\/10\/Le-Lagon-Argeles-Juillet-2023.png","contentUrl":"https:\/\/www.camping-lelagon-argeles.com\/wp-content\/uploads\/2023\/10\/Le-Lagon-Argeles-Juillet-2023.png","width":1891,"height":745,"caption":"Le Lagon d&#039;Argel\u00e8s-sur-Mer"},"image":{"@id":"https:\/\/www.camping-lelagon-argeles.com\/de\/#\/schema\/logo\/image\/"}}]}},"_links":{"self":[{"href":"https:\/\/www.camping-lelagon-argeles.com\/de\/wp-json\/wp\/v2\/pages\/8376","targetHints":{"allow":["GET"]}}],"collection":[{"href":"https:\/\/www.camping-lelagon-argeles.com\/de\/wp-json\/wp\/v2\/pages"}],"about":[{"href":"https:\/\/www.camping-lelagon-argeles.com\/de\/wp-json\/wp\/v2\/types\/page"}],"author":[{"embeddable":true,"href":"https:\/\/www.camping-lelagon-argeles.com\/de\/wp-json\/wp\/v2\/users\/1"}],"replies":[{"embeddable":true,"href":"https:\/\/www.camping-lelagon-argeles.com\/de\/wp-json\/wp\/v2\/comments?post=8376"}],"version-history":[{"count":1,"href":"https:\/\/www.camping-lelagon-argeles.com\/de\/wp-json\/wp\/v2\/pages\/8376\/revisions"}],"predecessor-version":[{"id":8377,"href":"https:\/\/www.camping-lelagon-argeles.com\/de\/wp-json\/wp\/v2\/pages\/8376\/revisions\/8377"}],"wp:featuredmedia":[{"embeddable":true,"href":"https:\/\/www.camping-lelagon-argeles.com\/de\/wp-json\/wp\/v2\/media\/7378"}],"wp:attachment":[{"href":"https:\/\/www.camping-lelagon-argeles.com\/de\/wp-json\/wp\/v2\/media?parent=8376"}],"wp:term":[{"taxonomy":"sujet","embeddable":true,"href":"https:\/\/www.camping-lelagon-argeles.com\/de\/wp-json\/wp\/v2\/sujet?post=8376"}],"curies":[{"name":"wp","href":"https:\/\/api.w.org\/{rel}","templated":true}]}}