{"id":8508,"date":"2020-11-09T09:25:00","date_gmt":"2020-11-09T08:25:00","guid":{"rendered":"https:\/\/www.camping-lelagon-argeles.com\/tourismus-argeles-sur-mer\/"},"modified":"2023-11-10T16:08:51","modified_gmt":"2023-11-10T15:08:51","slug":"tourismus-argeles-sur-mer","status":"publish","type":"page","link":"https:\/\/www.camping-lelagon-argeles.com\/de\/tourismus-pyrenees-orientales\/tourismus-argeles-sur-mer\/","title":{"rendered":"Argel\u00e8s-sur-Mer"},"content":{"rendered":"<section id=\"ls-section-block_bc53a7d5d52369555e8815e5262097ac\" class=\"ls-section  page-intro has-p-b p-b-0\" >\r\n        <div class=\"container \">\r\n        \n\n<div class=\"wp-block-columns is-layout-flex wp-container-core-columns-is-layout-9d6595d7 wp-block-columns-is-layout-flex\">\n<div class=\"wp-block-column is-layout-flow wp-block-column-is-layout-flow\">\n<h1 class=\"ls__heading wp-block-heading has-text-align-center\">Was kann man in Argel\u00e8s sur Mer unternehmen?<\/h1>\n<\/div>\n<\/div>\n\n\r\n    <\/div>\r\n<\/section><section id=\"ls-section-block_8301bfae1d8948607b4e6ed347478086\" class=\"ls-section  page-one\" >\r\n        <div class=\"container container--wide\">\r\n        \n\n<div class=\"wp-block-columns is-layout-flex wp-container-core-columns-is-layout-9d6595d7 wp-block-columns-is-layout-flex\">\n<div class=\"wp-block-column first is-layout-flow wp-block-column-is-layout-flow\" style=\"flex-basis:66.66%\">\n<figure class=\"wp-block-gallery has-nested-images columns-default is-cropped gallery-slider wp-block-gallery-1 is-layout-flex wp-block-gallery-is-layout-flex\">\n<figure class=\"wp-block-image size-full\"><a href=\"https:\/\/www.camping-lelagon-argeles.com\/wp-content\/uploads\/2023\/10\/paddle-argeles.webp\"><img decoding=\"async\" width=\"2000\" height=\"1333\" data-id=\"2121\" src=\"https:\/\/www.camping-lelagon-argeles.com\/wp-content\/uploads\/2023\/10\/paddle-argeles.webp\" alt=\"paddle argeles\" class=\"wp-image-2121\" srcset=\"https:\/\/www.camping-lelagon-argeles.com\/wp-content\/uploads\/2023\/10\/paddle-argeles.webp 2000w, https:\/\/www.camping-lelagon-argeles.com\/wp-content\/uploads\/2023\/10\/paddle-argeles-300x200.webp 300w, https:\/\/www.camping-lelagon-argeles.com\/wp-content\/uploads\/2023\/10\/paddle-argeles-1024x682.webp 1024w, https:\/\/www.camping-lelagon-argeles.com\/wp-content\/uploads\/2023\/10\/paddle-argeles-768x512.webp 768w, https:\/\/www.camping-lelagon-argeles.com\/wp-content\/uploads\/2023\/10\/paddle-argeles-1536x1024.webp 1536w\" sizes=\"(max-width: 2000px) 100vw, 2000px\" \/><\/a><\/figure>\n\n\n\n<figure class=\"wp-block-image size-full\"><a href=\"https:\/\/www.camping-lelagon-argeles.com\/wp-content\/uploads\/2023\/10\/chateau-valmy.webp\"><img decoding=\"async\" width=\"1600\" height=\"1067\" data-id=\"3573\" src=\"https:\/\/www.camping-lelagon-argeles.com\/wp-content\/uploads\/2023\/10\/chateau-valmy.webp\" alt=\"valmy schloss\" class=\"wp-image-3573\" srcset=\"https:\/\/www.camping-lelagon-argeles.com\/wp-content\/uploads\/2023\/10\/chateau-valmy.webp 1600w, https:\/\/www.camping-lelagon-argeles.com\/wp-content\/uploads\/2023\/10\/chateau-valmy-300x200.webp 300w, https:\/\/www.camping-lelagon-argeles.com\/wp-content\/uploads\/2023\/10\/chateau-valmy-1024x683.webp 1024w, https:\/\/www.camping-lelagon-argeles.com\/wp-content\/uploads\/2023\/10\/chateau-valmy-768x512.webp 768w, https:\/\/www.camping-lelagon-argeles.com\/wp-content\/uploads\/2023\/10\/chateau-valmy-1536x1024.webp 1536w\" sizes=\"(max-width: 1600px) 100vw, 1600px\" \/><\/a><\/figure>\n\n\n\n<figure class=\"wp-block-image size-full\"><a href=\"https:\/\/www.camping-lelagon-argeles.com\/wp-content\/uploads\/2023\/10\/trail-argeles.webp\"><img decoding=\"async\" width=\"2000\" height=\"1333\" data-id=\"2483\" src=\"https:\/\/www.camping-lelagon-argeles.com\/wp-content\/uploads\/2023\/10\/trail-argeles.webp\" alt=\"trail argeles\" class=\"wp-image-2483\" srcset=\"https:\/\/www.camping-lelagon-argeles.com\/wp-content\/uploads\/2023\/10\/trail-argeles.webp 2000w, https:\/\/www.camping-lelagon-argeles.com\/wp-content\/uploads\/2023\/10\/trail-argeles-300x200.webp 300w, https:\/\/www.camping-lelagon-argeles.com\/wp-content\/uploads\/2023\/10\/trail-argeles-1024x682.webp 1024w, https:\/\/www.camping-lelagon-argeles.com\/wp-content\/uploads\/2023\/10\/trail-argeles-768x512.webp 768w, https:\/\/www.camping-lelagon-argeles.com\/wp-content\/uploads\/2023\/10\/trail-argeles-1536x1024.webp 1536w\" sizes=\"(max-width: 2000px) 100vw, 2000px\" \/><\/a><\/figure>\n\n\n\n<figure class=\"wp-block-image size-full\"><a href=\"https:\/\/www.camping-lelagon-argeles.com\/wp-content\/uploads\/2023\/10\/port-argeles.webp\"><img decoding=\"async\" width=\"1000\" height=\"750\" data-id=\"3578\" src=\"https:\/\/www.camping-lelagon-argeles.com\/wp-content\/uploads\/2023\/10\/port-argeles.webp\" alt=\"Hafen Argeles\" class=\"wp-image-3578\" srcset=\"https:\/\/www.camping-lelagon-argeles.com\/wp-content\/uploads\/2023\/10\/port-argeles.webp 1000w, https:\/\/www.camping-lelagon-argeles.com\/wp-content\/uploads\/2023\/10\/port-argeles-300x225.webp 300w, https:\/\/www.camping-lelagon-argeles.com\/wp-content\/uploads\/2023\/10\/port-argeles-768x576.webp 768w\" sizes=\"(max-width: 1000px) 100vw, 1000px\" \/><\/a><\/figure>\n<\/figure>\n<\/div>\n\n\n\n<div class=\"wp-block-column is-vertically-aligned-center second is-layout-flow wp-block-column-is-layout-flow\" style=\"flex-basis:33.33%\">\n<p class=\"ls-paragraph\"><strong>Argel\u00e8s-sur-Mer ist eine charmante K\u00fcstenstadt in S\u00fcdfrankreich, nahe der spanischen Grenze. Es gibt viele Aktivit\u00e4ten rund um den  <\/strong><a href=\"https:\/\/www.camping-lelagon-argeles.com\/de\/\">camping d\u2019Argel\u00e8s<\/a><strong> , hier sind einige Vorschl\u00e4ge: :<\/strong><\/p>\n\n\n\n<ol class=\"ls-list wp-block-list\">\n<li><strong>Genie\u00dfen Sie die Str\u00e4nde<\/strong>: Argel\u00e8s ist f\u00fcr seine sch\u00f6nen Str\u00e4nde bekannt, die sich \u00fcber etwa 7 km erstrecken. Sie k\u00f6nnen sich am Strand entspannen, im Meer schwimmen, Kajak fahren oder windsurfen.<\/li>\n\n\n\n<li><strong>Besuchen Sie das Ch\u00e2teau de Valmy<\/strong>: Dieses Schloss aus dem 19. Jahrhundert bietet einen atemberaubenden Blick auf das Mittelmeer und die Pyren\u00e4en. Sie k\u00f6nnen an einer gef\u00fchrten Tour teilnehmen, um mehr \u00fcber die Geschichte dieses Ortes zu erfahren.<\/li>\n\n\n\n<li><strong>Erkunden Sie den regionalen Naturpark der katalanischen Pyren\u00e4en<\/strong>: Dieser Park befindet sich in der N\u00e4he von Argel\u00e8s und bietet zahlreiche Wander- und Radtouren, um die Natur und die Landschaften der Region zu entdecken.<\/li>\n<\/ol>\n<\/div>\n<\/div>\n\n\r\n    <\/div>\r\n<\/section><section id=\"ls-section-block_eca9215281ae2bb51688f21249c8199d\" class=\"ls-section  page-one has-background has-color-6-background-color has-p-t p-t-14 has-p-b p-b-14\" >\r\n        <div class=\"container container--wide\">\r\n        \n\n<div class=\"wp-block-columns is-layout-flex wp-container-core-columns-is-layout-9d6595d7 wp-block-columns-is-layout-flex\">\n<div class=\"wp-block-column is-vertically-aligned-center is-layout-flow wp-block-column-is-layout-flow\" style=\"flex-basis:33.33%\">\n<ol start=\"4\" class=\"ls-list wp-block-list\">\n<li><strong>Entdecken Sie den Markt:<\/strong> Der Markt in Argel\u00e8s findet jeden Mittwoch- und Samstagmorgen statt. Hier k\u00f6nnen Sie lokale und regionale Produkte wie Obst, Gem\u00fcse, K\u00e4se, Wurstwaren und Kleidung kaufen.<\/li>\n\n\n\n<li><strong>Besichtigen Sie das Dorf:<\/strong> Das Stadtzentrum von Argel\u00e8s ist mit seinen kleinen Fu\u00dfg\u00e4ngerzonen und traditionellen Steinh\u00e4usern bezaubernd. Sie k\u00f6nnen durch die Stra\u00dfen schlendern, die Kirche Notre-Dame-del-Prat besichtigen oder auf einer Terrasse einen Kaffee trinken.<\/li>\n\n\n\n<li><strong>Machen Sie einen Ausflug nach Collioure<\/strong>: Diese malerische Stadt liegt nur 15 Autominuten von Argel\u00e8s entfernt und ist f\u00fcr ihre bunten H\u00e4user, ihren Hafen und ihr k\u00f6nigliches Schloss bekannt.<\/li>\n\n\n\n<li><strong>Machen Sie einen Ausflug nach Spanien:<\/strong> Argel\u00e8s liegt in der N\u00e4he der spanischen Grenze, sodass Sie leicht einen Ausflug nach Figueres machen k\u00f6nnen, um das Museum von Salvador Dali zu besuchen, oder nach Girona, um das historische Zentrum zu erkunden.<\/li>\n<\/ol>\n<\/div>\n\n\n\n<div class=\"wp-block-column is-layout-flow wp-block-column-is-layout-flow\" style=\"flex-basis:66.66%\">\n<figure class=\"wp-block-image size-full\"><img decoding=\"async\" width=\"2000\" height=\"1333\" src=\"https:\/\/www.camping-lelagon-argeles.com\/wp-content\/uploads\/2023\/10\/Boisfleuri.webp\" alt=\"Boisfleuri\" class=\"wp-image-3583\" srcset=\"https:\/\/www.camping-lelagon-argeles.com\/wp-content\/uploads\/2023\/10\/Boisfleuri.webp 2000w, https:\/\/www.camping-lelagon-argeles.com\/wp-content\/uploads\/2023\/10\/Boisfleuri-300x200.webp 300w, https:\/\/www.camping-lelagon-argeles.com\/wp-content\/uploads\/2023\/10\/Boisfleuri-1024x682.webp 1024w, https:\/\/www.camping-lelagon-argeles.com\/wp-content\/uploads\/2023\/10\/Boisfleuri-768x512.webp 768w, https:\/\/www.camping-lelagon-argeles.com\/wp-content\/uploads\/2023\/10\/Boisfleuri-1536x1024.webp 1536w\" sizes=\"(max-width: 2000px) 100vw, 2000px\" \/><\/figure>\n<\/div>\n<\/div>\n\n\r\n    <\/div>\r\n<\/section><section id=\"ls-section-block_86e13e86bf838461d0bbf3a487222842\" class=\"ls-section  page-maillage has-p-t p-t-15 has-p-b p-b-15\" >\r\n        <div class=\"container container--wide\">\r\n        \n\n<div id=\"ls-heading ls-titre-div-block_571c30e619165eeac8058b9eb87df24e\" class=\"ls-titre-div deco h2-like\" >\n    <strong>Entdecken Sie die St\u00e4dte, <\/strong> <\/br>in der N\u00e4he von Argel\u00e8s-sur-Mer<\/div>\n\n\n<div id=\"ls-maillage-block_275536be6212997171242d9b6712e94a\" class=\"ls-maillage cta-style-normal\" data-rows=\"3\">\n    <div class=\"wp-block-columns\"><div class=\"wp-block-column\"><div class=\"ls-cta\">\n\n<a href=\"https:\/\/www.camping-lelagon-argeles.com\/tourisme-pyrenees-orientales\/tourisme-elne\/\" target=\"\" rel=\"noopener\" class=\"ls-cta__link\">\n\t<div class=\"ls-cta__image\"><img decoding=\"async\" src=\"https:\/\/www.camping-lelagon-argeles.com\/wp-content\/uploads\/2023\/10\/Elne_porte2.jpg\" alt=\"elne visite\"><\/div>\n\t<div class=\"ls-cta__title\">\n\t\tElne\t<\/div>\n\n\t\n\t\t\n<\/a>\n\n\n<\/div><\/div><div class=\"wp-block-column\"><div class=\"ls-cta\">\n\n<a href=\"https:\/\/www.camping-lelagon-argeles.com\/tourisme-pyrenees-orientales\/tourisme-saint-cyprien\/\" target=\"\" rel=\"noopener\" class=\"ls-cta__link\">\n\t<div class=\"ls-cta__image\"><img decoding=\"async\" src=\"https:\/\/www.camping-lelagon-argeles.com\/wp-content\/uploads\/2023\/11\/tourisme-Saint-Cyprien.webp\" alt=\"Tourismus Saint Cyprien\"><\/div>\n\t<div class=\"ls-cta__title\">\n\t\tSaint Cyprien\t<\/div>\n\n\t\n\t\t\n<\/a>\n\n\n<\/div><\/div><div class=\"wp-block-column\"><div class=\"ls-cta\">\n\n<a href=\"https:\/\/www.camping-lelagon-argeles.com\/tourisme-pyrenees-orientales\/tourisme-cerbere\/\" target=\"\" rel=\"noopener\" class=\"ls-cta__link\">\n\t<div class=\"ls-cta__image\"><img decoding=\"async\" src=\"https:\/\/www.camping-lelagon-argeles.com\/wp-content\/uploads\/2023\/10\/plage-canet.webp\" alt=\"Strand canet\"><\/div>\n\t<div class=\"ls-cta__title\">\n\t\tCerb\u00e8re\t<\/div>\n\n\t\n\t\t\n<\/a>\n\n\n<\/div><\/div><\/div><\/div>\n\r\n    <\/div>\r\n<\/section>\n<p class=\"ls-paragraph\"><\/p>\n","protected":false},"excerpt":{"rendered":"","protected":false},"author":1,"featured_media":2493,"parent":8530,"menu_order":0,"comment_status":"closed","ping_status":"closed","template":"","meta":{"_acf_changed":false,"inline_featured_image":false,"footnotes":""},"sujet":[],"class_list":["post-8508","page","type-page","status-publish","has-post-thumbnail","hentry"],"acf":[],"yoast_head":"<!-- This site is optimized with the Yoast SEO plugin v23.4 - https:\/\/yoast.com\/wordpress\/plugins\/seo\/ -->\n<title>Tourismus in Argel\u00e8s sur mer: Sehensw\u00fcrdigkeiten in Argel\u00e8s, die man gesehen haben muss<\/title>\n<meta name=\"description\" content=\"Bevor Sie in den Urlaub fahren, entdecken Sie alle Orte, die Sie w\u00e4hrend Ihres Urlaubs in Argel\u00e8s-sur-Mer nicht verpassen sollten.\" \/>\n<meta name=\"robots\" content=\"index, follow, max-snippet:-1, max-image-preview:large, max-video-preview:-1\" \/>\n<link rel=\"canonical\" href=\"https:\/\/www.camping-lelagon-argeles.com\/de\/tourismus-pyrenees-orientales\/tourismus-argeles-sur-mer\/\" \/>\n<meta property=\"og:locale\" content=\"de_DE\" \/>\n<meta property=\"og:type\" content=\"article\" \/>\n<meta property=\"og:title\" content=\"Tourismus in Argel\u00e8s sur mer: Sehensw\u00fcrdigkeiten in Argel\u00e8s, die man gesehen haben muss\" \/>\n<meta property=\"og:description\" content=\"Bevor Sie in den Urlaub fahren, entdecken Sie alle Orte, die Sie w\u00e4hrend Ihres Urlaubs in Argel\u00e8s-sur-Mer nicht verpassen sollten.\" \/>\n<meta property=\"og:url\" content=\"https:\/\/www.camping-lelagon-argeles.com\/de\/tourismus-pyrenees-orientales\/tourismus-argeles-sur-mer\/\" \/>\n<meta property=\"og:site_name\" content=\"Le Lagon d&#039;Argel\u00e8s-sur-Mer\" \/>\n<meta property=\"article:modified_time\" content=\"2023-11-10T15:08:51+00:00\" \/>\n<meta property=\"og:image\" content=\"https:\/\/www.camping-lelagon-argeles.com\/wp-content\/uploads\/2023\/10\/ARGELES_PLAGE-ArgelesTourisme-Clement_Sarthe-5500.webp\" \/>\n\t<meta property=\"og:image:width\" content=\"2000\" \/>\n\t<meta property=\"og:image:height\" content=\"1498\" \/>\n\t<meta property=\"og:image:type\" content=\"image\/webp\" \/>\n<meta name=\"twitter:card\" content=\"summary_large_image\" \/>\n<meta name=\"twitter:label1\" content=\"Gesch\u00e4tzte Lesezeit\" \/>\n\t<meta name=\"twitter:data1\" content=\"2\u00a0Minuten\" \/>\n<script type=\"application\/ld+json\" class=\"yoast-schema-graph\">{\"@context\":\"https:\/\/schema.org\",\"@graph\":[{\"@type\":\"WebPage\",\"@id\":\"https:\/\/www.camping-lelagon-argeles.com\/de\/tourismus-pyrenees-orientales\/tourismus-argeles-sur-mer\/\",\"url\":\"https:\/\/www.camping-lelagon-argeles.com\/de\/tourismus-pyrenees-orientales\/tourismus-argeles-sur-mer\/\",\"name\":\"Tourismus in Argel\u00e8s sur mer: Sehensw\u00fcrdigkeiten in Argel\u00e8s, die man gesehen haben muss\",\"isPartOf\":{\"@id\":\"https:\/\/www.camping-lelagon-argeles.com\/de\/#website\"},\"primaryImageOfPage\":{\"@id\":\"https:\/\/www.camping-lelagon-argeles.com\/de\/tourismus-pyrenees-orientales\/tourismus-argeles-sur-mer\/#primaryimage\"},\"image\":{\"@id\":\"https:\/\/www.camping-lelagon-argeles.com\/de\/tourismus-pyrenees-orientales\/tourismus-argeles-sur-mer\/#primaryimage\"},\"thumbnailUrl\":\"https:\/\/www.camping-lelagon-argeles.com\/wp-content\/uploads\/2023\/10\/ARGELES_PLAGE-ArgelesTourisme-Clement_Sarthe-5500.webp\",\"datePublished\":\"2020-11-09T08:25:00+00:00\",\"dateModified\":\"2023-11-10T15:08:51+00:00\",\"description\":\"Bevor Sie in den Urlaub fahren, entdecken Sie alle Orte, die Sie w\u00e4hrend Ihres Urlaubs in Argel\u00e8s-sur-Mer nicht verpassen sollten.\",\"breadcrumb\":{\"@id\":\"https:\/\/www.camping-lelagon-argeles.com\/de\/tourismus-pyrenees-orientales\/tourismus-argeles-sur-mer\/#breadcrumb\"},\"inLanguage\":\"de\",\"potentialAction\":[{\"@type\":\"ReadAction\",\"target\":[\"https:\/\/www.camping-lelagon-argeles.com\/de\/tourismus-pyrenees-orientales\/tourismus-argeles-sur-mer\/\"]}]},{\"@type\":\"ImageObject\",\"inLanguage\":\"de\",\"@id\":\"https:\/\/www.camping-lelagon-argeles.com\/de\/tourismus-pyrenees-orientales\/tourismus-argeles-sur-mer\/#primaryimage\",\"url\":\"https:\/\/www.camping-lelagon-argeles.com\/wp-content\/uploads\/2023\/10\/ARGELES_PLAGE-ArgelesTourisme-Clement_Sarthe-5500.webp\",\"contentUrl\":\"https:\/\/www.camping-lelagon-argeles.com\/wp-content\/uploads\/2023\/10\/ARGELES_PLAGE-ArgelesTourisme-Clement_Sarthe-5500.webp\",\"width\":2000,\"height\":1498,\"caption\":\"ARGELES PLAGE ArgelesTourismus Clement Sarthe 5500\"},{\"@type\":\"BreadcrumbList\",\"@id\":\"https:\/\/www.camping-lelagon-argeles.com\/de\/tourismus-pyrenees-orientales\/tourismus-argeles-sur-mer\/#breadcrumb\",\"itemListElement\":[{\"@type\":\"ListItem\",\"position\":1,\"name\":\"Camping Argel\u00e8s-sur-Mer\",\"item\":\"https:\/\/www.camping-lelagon-argeles.com\/de\/\"},{\"@type\":\"ListItem\",\"position\":2,\"name\":\"Pyr\u00e9n\u00e9es-Orientales\",\"item\":\"https:\/\/www.camping-lelagon-argeles.com\/de\/tourismus-pyrenees-orientales\/\"},{\"@type\":\"ListItem\",\"position\":3,\"name\":\"Argel\u00e8s-sur-Mer\"}]},{\"@type\":\"WebSite\",\"@id\":\"https:\/\/www.camping-lelagon-argeles.com\/de\/#website\",\"url\":\"https:\/\/www.camping-lelagon-argeles.com\/de\/\",\"name\":\"Le Lagon d&#039;Argel\u00e8s-sur-Mer\",\"description\":\"\",\"publisher\":{\"@id\":\"https:\/\/www.camping-lelagon-argeles.com\/de\/#organization\"},\"potentialAction\":[{\"@type\":\"SearchAction\",\"target\":{\"@type\":\"EntryPoint\",\"urlTemplate\":\"https:\/\/www.camping-lelagon-argeles.com\/de\/?s={search_term_string}\"},\"query-input\":{\"@type\":\"PropertyValueSpecification\",\"valueRequired\":true,\"valueName\":\"search_term_string\"}}],\"inLanguage\":\"de\"},{\"@type\":\"Organization\",\"@id\":\"https:\/\/www.camping-lelagon-argeles.com\/de\/#organization\",\"name\":\"Le Lagon d&#039;Argel\u00e8s-sur-Mer\",\"url\":\"https:\/\/www.camping-lelagon-argeles.com\/de\/\",\"logo\":{\"@type\":\"ImageObject\",\"inLanguage\":\"de\",\"@id\":\"https:\/\/www.camping-lelagon-argeles.com\/de\/#\/schema\/logo\/image\/\",\"url\":\"https:\/\/www.camping-lelagon-argeles.com\/wp-content\/uploads\/2023\/10\/Le-Lagon-Argeles-Juillet-2023.png\",\"contentUrl\":\"https:\/\/www.camping-lelagon-argeles.com\/wp-content\/uploads\/2023\/10\/Le-Lagon-Argeles-Juillet-2023.png\",\"width\":1891,\"height\":745,\"caption\":\"Le Lagon d&#039;Argel\u00e8s-sur-Mer\"},\"image\":{\"@id\":\"https:\/\/www.camping-lelagon-argeles.com\/de\/#\/schema\/logo\/image\/\"}}]}<\/script>\n<!-- \/ Yoast SEO plugin. -->","yoast_head_json":{"title":"Tourismus in Argel\u00e8s sur mer: Sehensw\u00fcrdigkeiten in Argel\u00e8s, die man gesehen haben muss","description":"Bevor Sie in den Urlaub fahren, entdecken Sie alle Orte, die Sie w\u00e4hrend Ihres Urlaubs in Argel\u00e8s-sur-Mer nicht verpassen sollten.","robots":{"index":"index","follow":"follow","max-snippet":"max-snippet:-1","max-image-preview":"max-image-preview:large","max-video-preview":"max-video-preview:-1"},"canonical":"https:\/\/www.camping-lelagon-argeles.com\/de\/tourismus-pyrenees-orientales\/tourismus-argeles-sur-mer\/","og_locale":"de_DE","og_type":"article","og_title":"Tourismus in Argel\u00e8s sur mer: Sehensw\u00fcrdigkeiten in Argel\u00e8s, die man gesehen haben muss","og_description":"Bevor Sie in den Urlaub fahren, entdecken Sie alle Orte, die Sie w\u00e4hrend Ihres Urlaubs in Argel\u00e8s-sur-Mer nicht verpassen sollten.","og_url":"https:\/\/www.camping-lelagon-argeles.com\/de\/tourismus-pyrenees-orientales\/tourismus-argeles-sur-mer\/","og_site_name":"Le Lagon d&#039;Argel\u00e8s-sur-Mer","article_modified_time":"2023-11-10T15:08:51+00:00","og_image":[{"width":2000,"height":1498,"url":"https:\/\/www.camping-lelagon-argeles.com\/wp-content\/uploads\/2023\/10\/ARGELES_PLAGE-ArgelesTourisme-Clement_Sarthe-5500.webp","type":"image\/webp"}],"twitter_card":"summary_large_image","twitter_misc":{"Gesch\u00e4tzte Lesezeit":"2\u00a0Minuten"},"schema":{"@context":"https:\/\/schema.org","@graph":[{"@type":"WebPage","@id":"https:\/\/www.camping-lelagon-argeles.com\/de\/tourismus-pyrenees-orientales\/tourismus-argeles-sur-mer\/","url":"https:\/\/www.camping-lelagon-argeles.com\/de\/tourismus-pyrenees-orientales\/tourismus-argeles-sur-mer\/","name":"Tourismus in Argel\u00e8s sur mer: Sehensw\u00fcrdigkeiten in Argel\u00e8s, die man gesehen haben muss","isPartOf":{"@id":"https:\/\/www.camping-lelagon-argeles.com\/de\/#website"},"primaryImageOfPage":{"@id":"https:\/\/www.camping-lelagon-argeles.com\/de\/tourismus-pyrenees-orientales\/tourismus-argeles-sur-mer\/#primaryimage"},"image":{"@id":"https:\/\/www.camping-lelagon-argeles.com\/de\/tourismus-pyrenees-orientales\/tourismus-argeles-sur-mer\/#primaryimage"},"thumbnailUrl":"https:\/\/www.camping-lelagon-argeles.com\/wp-content\/uploads\/2023\/10\/ARGELES_PLAGE-ArgelesTourisme-Clement_Sarthe-5500.webp","datePublished":"2020-11-09T08:25:00+00:00","dateModified":"2023-11-10T15:08:51+00:00","description":"Bevor Sie in den Urlaub fahren, entdecken Sie alle Orte, die Sie w\u00e4hrend Ihres Urlaubs in Argel\u00e8s-sur-Mer nicht verpassen sollten.","breadcrumb":{"@id":"https:\/\/www.camping-lelagon-argeles.com\/de\/tourismus-pyrenees-orientales\/tourismus-argeles-sur-mer\/#breadcrumb"},"inLanguage":"de","potentialAction":[{"@type":"ReadAction","target":["https:\/\/www.camping-lelagon-argeles.com\/de\/tourismus-pyrenees-orientales\/tourismus-argeles-sur-mer\/"]}]},{"@type":"ImageObject","inLanguage":"de","@id":"https:\/\/www.camping-lelagon-argeles.com\/de\/tourismus-pyrenees-orientales\/tourismus-argeles-sur-mer\/#primaryimage","url":"https:\/\/www.camping-lelagon-argeles.com\/wp-content\/uploads\/2023\/10\/ARGELES_PLAGE-ArgelesTourisme-Clement_Sarthe-5500.webp","contentUrl":"https:\/\/www.camping-lelagon-argeles.com\/wp-content\/uploads\/2023\/10\/ARGELES_PLAGE-ArgelesTourisme-Clement_Sarthe-5500.webp","width":2000,"height":1498,"caption":"ARGELES PLAGE ArgelesTourismus Clement Sarthe 5500"},{"@type":"BreadcrumbList","@id":"https:\/\/www.camping-lelagon-argeles.com\/de\/tourismus-pyrenees-orientales\/tourismus-argeles-sur-mer\/#breadcrumb","itemListElement":[{"@type":"ListItem","position":1,"name":"Camping Argel\u00e8s-sur-Mer","item":"https:\/\/www.camping-lelagon-argeles.com\/de\/"},{"@type":"ListItem","position":2,"name":"Pyr\u00e9n\u00e9es-Orientales","item":"https:\/\/www.camping-lelagon-argeles.com\/de\/tourismus-pyrenees-orientales\/"},{"@type":"ListItem","position":3,"name":"Argel\u00e8s-sur-Mer"}]},{"@type":"WebSite","@id":"https:\/\/www.camping-lelagon-argeles.com\/de\/#website","url":"https:\/\/www.camping-lelagon-argeles.com\/de\/","name":"Le Lagon d&#039;Argel\u00e8s-sur-Mer","description":"","publisher":{"@id":"https:\/\/www.camping-lelagon-argeles.com\/de\/#organization"},"potentialAction":[{"@type":"SearchAction","target":{"@type":"EntryPoint","urlTemplate":"https:\/\/www.camping-lelagon-argeles.com\/de\/?s={search_term_string}"},"query-input":{"@type":"PropertyValueSpecification","valueRequired":true,"valueName":"search_term_string"}}],"inLanguage":"de"},{"@type":"Organization","@id":"https:\/\/www.camping-lelagon-argeles.com\/de\/#organization","name":"Le Lagon d&#039;Argel\u00e8s-sur-Mer","url":"https:\/\/www.camping-lelagon-argeles.com\/de\/","logo":{"@type":"ImageObject","inLanguage":"de","@id":"https:\/\/www.camping-lelagon-argeles.com\/de\/#\/schema\/logo\/image\/","url":"https:\/\/www.camping-lelagon-argeles.com\/wp-content\/uploads\/2023\/10\/Le-Lagon-Argeles-Juillet-2023.png","contentUrl":"https:\/\/www.camping-lelagon-argeles.com\/wp-content\/uploads\/2023\/10\/Le-Lagon-Argeles-Juillet-2023.png","width":1891,"height":745,"caption":"Le Lagon d&#039;Argel\u00e8s-sur-Mer"},"image":{"@id":"https:\/\/www.camping-lelagon-argeles.com\/de\/#\/schema\/logo\/image\/"}}]}},"_links":{"self":[{"href":"https:\/\/www.camping-lelagon-argeles.com\/de\/wp-json\/wp\/v2\/pages\/8508","targetHints":{"allow":["GET"]}}],"collection":[{"href":"https:\/\/www.camping-lelagon-argeles.com\/de\/wp-json\/wp\/v2\/pages"}],"about":[{"href":"https:\/\/www.camping-lelagon-argeles.com\/de\/wp-json\/wp\/v2\/types\/page"}],"author":[{"embeddable":true,"href":"https:\/\/www.camping-lelagon-argeles.com\/de\/wp-json\/wp\/v2\/users\/1"}],"replies":[{"embeddable":true,"href":"https:\/\/www.camping-lelagon-argeles.com\/de\/wp-json\/wp\/v2\/comments?post=8508"}],"version-history":[{"count":11,"href":"https:\/\/www.camping-lelagon-argeles.com\/de\/wp-json\/wp\/v2\/pages\/8508\/revisions"}],"predecessor-version":[{"id":8724,"href":"https:\/\/www.camping-lelagon-argeles.com\/de\/wp-json\/wp\/v2\/pages\/8508\/revisions\/8724"}],"up":[{"embeddable":true,"href":"https:\/\/www.camping-lelagon-argeles.com\/de\/wp-json\/wp\/v2\/pages\/8530"}],"wp:featuredmedia":[{"embeddable":true,"href":"https:\/\/www.camping-lelagon-argeles.com\/de\/wp-json\/wp\/v2\/media\/2493"}],"wp:attachment":[{"href":"https:\/\/www.camping-lelagon-argeles.com\/de\/wp-json\/wp\/v2\/media?parent=8508"}],"wp:term":[{"taxonomy":"sujet","embeddable":true,"href":"https:\/\/www.camping-lelagon-argeles.com\/de\/wp-json\/wp\/v2\/sujet?post=8508"}],"curies":[{"name":"wp","href":"https:\/\/api.w.org\/{rel}","templated":true}]}}