{"id":8372,"date":"2023-10-16T09:26:05","date_gmt":"2023-10-16T07:26:05","guid":{"rendered":"https:\/\/www.camping-lelagon-argeles.com\/practical-information\/"},"modified":"2023-11-09T15:04:24","modified_gmt":"2023-11-09T14:04:24","slug":"practical-information","status":"publish","type":"page","link":"https:\/\/www.camping-lelagon-argeles.com\/en\/practical-information\/","title":{"rendered":"Contact and access"},"content":{"rendered":"<section id=\"ls-section-block_e96232458f4f047f3255c7efa5224882\" class=\"ls-section  page-intro\" >\r\n        <div class=\"container \">\r\n        \n\n<h1 class=\"ls__heading wp-block-heading has-text-align-center\">Contact Le Lagon d&#8217;Argel\u00e8s<\/h1>\n\n\r\n    <\/div>\r\n<\/section><section id=\"ls-section-block_8a7d8be68fb8453f351a6b624c9a1e44\" class=\"ls-section  page-one has-m-t m-t-0 has-p-t p-t-0\" >\r\n        <div class=\"container container--wide\">\r\n        \n\n<div class=\"wp-block-columns page-one is-layout-flex wp-container-core-columns-is-layout-9d6595d7 wp-block-columns-is-layout-flex\">\n<div class=\"wp-block-column is-layout-flow wp-block-column-is-layout-flow\">\n<h2 class=\"ls__heading wp-block-heading deco\">Contact<\/h2>\n\n\n\n<div id=\"ls-infos-block_d7a67dde9983a6cbd959f7660812cb19\" class=\"ls-infos has-m-b m-b-7\">\n    \n    <div class=\"ls-infos__content\">\n\n        <div class=\"ls-infos__phone\">\n                        \n                        <i class=\"oreades-phone-call-02\"><\/i> +33 4 68 81 06 85            \n        <\/div>\n        <div class=\"ls-infos__mail\">\n            <i class=\"fas fa-envelope\"><\/i> contact@camping-lelagon-argeles.com        <\/div>\n\n        <div class=\"ls-infos__adresse\">\n            <i class='fas fa-map-marker-alt'><\/i>\n            <div class=\"ls-infos__adresse--content\">\n                25, avenue Moli\u00e8re <br \/>\n                66700                Argel\u00e8s-sur-Mer            <\/div>\n        <\/div>\n    <\/div>\n<\/div><\/div>\n\n\n\n<div class=\"wp-block-column is-layout-flow wp-block-column-is-layout-flow\">\n<div class=\"wp-block-contact-form-7-contact-form-selector\">\n<div class=\"wpcf7 no-js\" id=\"wpcf7-f8342-o1\" lang=\"en-US\" dir=\"ltr\">\n<div class=\"screen-reader-response\"><p role=\"status\" aria-live=\"polite\" aria-atomic=\"true\"><\/p> <ul><\/ul><\/div>\n<form action=\"\/en\/wp-json\/wp\/v2\/pages\/8372#wpcf7-f8342-o1\" method=\"post\" class=\"wpcf7-form init\" aria-label=\"Contact form\" novalidate=\"novalidate\" data-status=\"init\">\n<div style=\"display: none;\">\n<input type=\"hidden\" name=\"_wpcf7\" value=\"8342\" \/>\n<input type=\"hidden\" name=\"_wpcf7_version\" value=\"5.9.8\" \/>\n<input type=\"hidden\" name=\"_wpcf7_locale\" value=\"en_US\" \/>\n<input type=\"hidden\" name=\"_wpcf7_unit_tag\" value=\"wpcf7-f8342-o1\" \/>\n<input type=\"hidden\" name=\"_wpcf7_container_post\" value=\"0\" \/>\n<input type=\"hidden\" name=\"_wpcf7_posted_data_hash\" value=\"\" \/>\n<input type=\"hidden\" name=\"_wpcf7_recaptcha_response\" value=\"\" \/>\n<\/div>\n<p><label> Your name<br \/>\n<span class=\"wpcf7-form-control-wrap\" data-name=\"your-name\"><input size=\"40\" maxlength=\"400\" class=\"wpcf7-form-control wpcf7-text wpcf7-validates-as-required\" autocomplete=\"name\" aria-required=\"true\" aria-invalid=\"false\" value=\"\" type=\"text\" name=\"your-name\" \/><\/span> <\/label>\n<\/p>\n<p><label> Your e-mail<br \/>\n<span class=\"wpcf7-form-control-wrap\" data-name=\"your-email\"><input size=\"40\" maxlength=\"400\" class=\"wpcf7-form-control wpcf7-email wpcf7-validates-as-required wpcf7-text wpcf7-validates-as-email\" autocomplete=\"email\" aria-required=\"true\" aria-invalid=\"false\" value=\"\" type=\"email\" name=\"your-email\" \/><\/span> <\/label>\n<\/p>\n<p><label> Object<br \/>\n<span class=\"wpcf7-form-control-wrap\" data-name=\"your-subject\"><input size=\"40\" maxlength=\"400\" class=\"wpcf7-form-control wpcf7-text wpcf7-validates-as-required\" aria-required=\"true\" aria-invalid=\"false\" value=\"\" type=\"text\" name=\"your-subject\" \/><\/span> <\/label>\n<\/p>\n<p><label> Your message<br \/>\n<span class=\"wpcf7-form-control-wrap\" data-name=\"your-message\"><textarea cols=\"40\" rows=\"10\" maxlength=\"2000\" class=\"wpcf7-form-control wpcf7-textarea\" aria-invalid=\"false\" name=\"your-message\"><\/textarea><\/span> <\/label><br \/>\n<span class=\"wpcf7-form-control-wrap\" data-name=\"acceptance-553\"><span class=\"wpcf7-form-control wpcf7-acceptance\"><span class=\"wpcf7-list-item\"><label><input type=\"checkbox\" name=\"acceptance-553\" value=\"1\" aria-invalid=\"false\" \/><span class=\"wpcf7-list-item-label\">By checking this box, I accept the <a href=\"\/en\/privacy-policy\/\" rel=\"nofollow\" target=\"_blank\">Privacy Policy<\/a> of this site.<\/span><\/label><\/span><\/span><\/span><br \/>\n<input class=\"wpcf7-form-control wpcf7-submit has-spinner\" type=\"submit\" value=\"Send\" \/>\n<\/p><div class=\"wpcf7-response-output\" aria-hidden=\"true\"><\/div>\n<\/form>\n<\/div>\n<\/div>\n<\/div>\n<\/div>\n\n\r\n    <\/div>\r\n<\/section><section id=\"ls-section-block_bc240e001ce5deca61011c6c2cda45e3\" class=\"ls-section  page-three has-background has-color-6-background-color has-p-t p-t-14 has-p-b p-b-14\" >\r\n        <div class=\"container container--full\">\r\n        \n\n<div class=\"wp-block-columns page-one is-layout-flex wp-container-core-columns-is-layout-9d6595d7 wp-block-columns-is-layout-flex\">\n<div class=\"wp-block-column is-layout-flow wp-block-column-is-layout-flow\">\n<iframe src=\"https:\/\/www.google.com\/maps\/embed?pb=!1m14!1m8!1m3!1d154902.37804942008!2d2.9896071651300216!3d42.56265276279284!3m2!1i1024!2i768!4f13.1!3m3!1m2!1s0x12b07f48fb9352c7%3A0xfda1fbf59884765b!2sCAMPING%20LE%20LAGON%20D'ARGELES!5e0!3m2!1sfr!2sar!4v1697831177839!5m2!1sfr!2sar\" width=\"100%\" height=\"100%\" style=\"border:0;\" allowfullscreen=\"\" loading=\"lazy\" referrerpolicy=\"no-referrer-when-downgrade\"><\/iframe>\n<\/div>\n\n\n\n<div class=\"wp-block-column m-r-6 is-layout-flow wp-block-column-is-layout-flow\">\n<h2 class=\"ls__heading wp-block-heading deco\">Access<\/h2>\n\n\n\n<p class=\"ls-paragraph\">How do I get to our <a href=\"https:\/\/www.camping-lelagon-argeles.com\/en\/\">campsite in Argel\u00e8s-sur-Mer<\/a>?<\/p>\n\n\n\n<p class=\"ls-paragraph\"><strong>By car:<br\/><\/strong>From the north: freeway A 9 &#8211; Perpignan Sud exit, then dual carriageway to Argel\u00e8s-sur-Mer (20 km) From the south: freeway A 9 &#8211; Le Boulou exit. Argel\u00e8s is 18km away by expressway<\/p>\n\n\n\n<p class=\"ls-paragraph\"><strong>By train :<\/strong><strong><br\/><\/strong>Railway station in Argel\u00e8s village (2km from the beach). From Argel\u00e8s station, bus and cab service to Argel\u00e8s Plage.<\/p>\n\n\n\n<p class=\"ls-paragraph\"><strong>By plane :<\/strong><\/p>\n\n\n\n<ul class=\"ls-list wp-block-list\">\n<li>Perpignan-Rivesaltes international airport, 25 km from Argel\u00e8s-sur-Mer.<\/li>\n\n\n\n<li>Girona airport 90 km from Argel\u00e8s-sur-Mer<\/li>\n\n\n\n<li>Carcassonne airport 120 km<\/li>\n<\/ul>\n\n\n\n<p class=\"ls-paragraph\"><strong>GPS coordinates:<\/strong> 42.56265276279284 \/ 3.030119249125073<\/p>\n<\/div>\n<\/div>\n\n\r\n    <\/div>\r\n<\/section>","protected":false},"excerpt":{"rendered":"","protected":false},"author":1,"featured_media":7377,"parent":0,"menu_order":0,"comment_status":"closed","ping_status":"closed","template":"","meta":{"_acf_changed":false,"inline_featured_image":false,"footnotes":""},"sujet":[],"class_list":["post-8372","page","type-page","status-publish","has-post-thumbnail","hentry"],"acf":[],"yoast_head":"<!-- This site is optimized with the Yoast SEO plugin v23.4 - https:\/\/yoast.com\/wordpress\/plugins\/seo\/ -->\n<title>How to get to Argel\u00e8s-sur-Mer for your camping vacation<\/title>\n<meta name=\"description\" content=\"Would you like to come to Argel\u00e8s-sur-Mer by car, train or plane? Our campsite shows you how!\" \/>\n<meta name=\"robots\" content=\"index, follow, max-snippet:-1, max-image-preview:large, max-video-preview:-1\" \/>\n<link rel=\"canonical\" href=\"https:\/\/www.camping-lelagon-argeles.com\/en\/practical-information\/\" \/>\n<meta property=\"og:locale\" content=\"en_US\" \/>\n<meta property=\"og:type\" content=\"article\" \/>\n<meta property=\"og:title\" content=\"How to get to Argel\u00e8s-sur-Mer for your camping vacation\" \/>\n<meta property=\"og:description\" content=\"Would you like to come to Argel\u00e8s-sur-Mer by car, train or plane? Our campsite shows you how!\" \/>\n<meta property=\"og:url\" content=\"https:\/\/www.camping-lelagon-argeles.com\/en\/practical-information\/\" \/>\n<meta property=\"og:site_name\" content=\"Le Lagon d&#039;Argel\u00e8s-sur-Mer\" \/>\n<meta property=\"article:modified_time\" content=\"2023-11-09T14:04:24+00:00\" \/>\n<meta property=\"og:image\" content=\"https:\/\/www.camping-lelagon-argeles.com\/wp-content\/uploads\/2023\/10\/camping-lagon-argeles-1.webp\" \/>\n\t<meta property=\"og:image:width\" content=\"2000\" \/>\n\t<meta property=\"og:image:height\" content=\"1332\" \/>\n\t<meta property=\"og:image:type\" content=\"image\/webp\" \/>\n<meta name=\"twitter:card\" content=\"summary_large_image\" \/>\n<meta name=\"twitter:label1\" content=\"Est. reading time\" \/>\n\t<meta name=\"twitter:data1\" content=\"1 minute\" \/>\n<script type=\"application\/ld+json\" class=\"yoast-schema-graph\">{\"@context\":\"https:\/\/schema.org\",\"@graph\":[{\"@type\":\"WebPage\",\"@id\":\"https:\/\/www.camping-lelagon-argeles.com\/en\/practical-information\/\",\"url\":\"https:\/\/www.camping-lelagon-argeles.com\/en\/practical-information\/\",\"name\":\"How to get to Argel\u00e8s-sur-Mer for your camping vacation\",\"isPartOf\":{\"@id\":\"https:\/\/www.camping-lelagon-argeles.com\/en\/#website\"},\"primaryImageOfPage\":{\"@id\":\"https:\/\/www.camping-lelagon-argeles.com\/en\/practical-information\/#primaryimage\"},\"image\":{\"@id\":\"https:\/\/www.camping-lelagon-argeles.com\/en\/practical-information\/#primaryimage\"},\"thumbnailUrl\":\"https:\/\/www.camping-lelagon-argeles.com\/wp-content\/uploads\/2023\/10\/camping-lagon-argeles-1.webp\",\"datePublished\":\"2023-10-16T07:26:05+00:00\",\"dateModified\":\"2023-11-09T14:04:24+00:00\",\"description\":\"Would you like to come to Argel\u00e8s-sur-Mer by car, train or plane? Our campsite shows you how!\",\"breadcrumb\":{\"@id\":\"https:\/\/www.camping-lelagon-argeles.com\/en\/practical-information\/#breadcrumb\"},\"inLanguage\":\"en-US\",\"potentialAction\":[{\"@type\":\"ReadAction\",\"target\":[\"https:\/\/www.camping-lelagon-argeles.com\/en\/practical-information\/\"]}]},{\"@type\":\"ImageObject\",\"inLanguage\":\"en-US\",\"@id\":\"https:\/\/www.camping-lelagon-argeles.com\/en\/practical-information\/#primaryimage\",\"url\":\"https:\/\/www.camping-lelagon-argeles.com\/wp-content\/uploads\/2023\/10\/camping-lagon-argeles-1.webp\",\"contentUrl\":\"https:\/\/www.camping-lelagon-argeles.com\/wp-content\/uploads\/2023\/10\/camping-lagon-argeles-1.webp\",\"width\":2000,\"height\":1332,\"caption\":\"camping lagon argeles\"},{\"@type\":\"BreadcrumbList\",\"@id\":\"https:\/\/www.camping-lelagon-argeles.com\/en\/practical-information\/#breadcrumb\",\"itemListElement\":[{\"@type\":\"ListItem\",\"position\":1,\"name\":\"Camping Argel\u00e8s-sur-Mer\",\"item\":\"https:\/\/www.camping-lelagon-argeles.com\/en\/\"},{\"@type\":\"ListItem\",\"position\":2,\"name\":\"Contact and access\"}]},{\"@type\":\"WebSite\",\"@id\":\"https:\/\/www.camping-lelagon-argeles.com\/en\/#website\",\"url\":\"https:\/\/www.camping-lelagon-argeles.com\/en\/\",\"name\":\"Le Lagon d&#039;Argel\u00e8s-sur-Mer\",\"description\":\"\",\"publisher\":{\"@id\":\"https:\/\/www.camping-lelagon-argeles.com\/en\/#organization\"},\"potentialAction\":[{\"@type\":\"SearchAction\",\"target\":{\"@type\":\"EntryPoint\",\"urlTemplate\":\"https:\/\/www.camping-lelagon-argeles.com\/en\/?s={search_term_string}\"},\"query-input\":{\"@type\":\"PropertyValueSpecification\",\"valueRequired\":true,\"valueName\":\"search_term_string\"}}],\"inLanguage\":\"en-US\"},{\"@type\":\"Organization\",\"@id\":\"https:\/\/www.camping-lelagon-argeles.com\/en\/#organization\",\"name\":\"Le Lagon d&#039;Argel\u00e8s-sur-Mer\",\"url\":\"https:\/\/www.camping-lelagon-argeles.com\/en\/\",\"logo\":{\"@type\":\"ImageObject\",\"inLanguage\":\"en-US\",\"@id\":\"https:\/\/www.camping-lelagon-argeles.com\/en\/#\/schema\/logo\/image\/\",\"url\":\"https:\/\/www.camping-lelagon-argeles.com\/wp-content\/uploads\/2023\/10\/Le-Lagon-Argeles-Juillet-2023.png\",\"contentUrl\":\"https:\/\/www.camping-lelagon-argeles.com\/wp-content\/uploads\/2023\/10\/Le-Lagon-Argeles-Juillet-2023.png\",\"width\":1891,\"height\":745,\"caption\":\"Le Lagon d&#039;Argel\u00e8s-sur-Mer\"},\"image\":{\"@id\":\"https:\/\/www.camping-lelagon-argeles.com\/en\/#\/schema\/logo\/image\/\"}}]}<\/script>\n<!-- \/ Yoast SEO plugin. -->","yoast_head_json":{"title":"How to get to Argel\u00e8s-sur-Mer for your camping vacation","description":"Would you like to come to Argel\u00e8s-sur-Mer by car, train or plane? Our campsite shows you how!","robots":{"index":"index","follow":"follow","max-snippet":"max-snippet:-1","max-image-preview":"max-image-preview:large","max-video-preview":"max-video-preview:-1"},"canonical":"https:\/\/www.camping-lelagon-argeles.com\/en\/practical-information\/","og_locale":"en_US","og_type":"article","og_title":"How to get to Argel\u00e8s-sur-Mer for your camping vacation","og_description":"Would you like to come to Argel\u00e8s-sur-Mer by car, train or plane? Our campsite shows you how!","og_url":"https:\/\/www.camping-lelagon-argeles.com\/en\/practical-information\/","og_site_name":"Le Lagon d&#039;Argel\u00e8s-sur-Mer","article_modified_time":"2023-11-09T14:04:24+00:00","og_image":[{"width":2000,"height":1332,"url":"https:\/\/www.camping-lelagon-argeles.com\/wp-content\/uploads\/2023\/10\/camping-lagon-argeles-1.webp","type":"image\/webp"}],"twitter_card":"summary_large_image","twitter_misc":{"Est. reading time":"1 minute"},"schema":{"@context":"https:\/\/schema.org","@graph":[{"@type":"WebPage","@id":"https:\/\/www.camping-lelagon-argeles.com\/en\/practical-information\/","url":"https:\/\/www.camping-lelagon-argeles.com\/en\/practical-information\/","name":"How to get to Argel\u00e8s-sur-Mer for your camping vacation","isPartOf":{"@id":"https:\/\/www.camping-lelagon-argeles.com\/en\/#website"},"primaryImageOfPage":{"@id":"https:\/\/www.camping-lelagon-argeles.com\/en\/practical-information\/#primaryimage"},"image":{"@id":"https:\/\/www.camping-lelagon-argeles.com\/en\/practical-information\/#primaryimage"},"thumbnailUrl":"https:\/\/www.camping-lelagon-argeles.com\/wp-content\/uploads\/2023\/10\/camping-lagon-argeles-1.webp","datePublished":"2023-10-16T07:26:05+00:00","dateModified":"2023-11-09T14:04:24+00:00","description":"Would you like to come to Argel\u00e8s-sur-Mer by car, train or plane? Our campsite shows you how!","breadcrumb":{"@id":"https:\/\/www.camping-lelagon-argeles.com\/en\/practical-information\/#breadcrumb"},"inLanguage":"en-US","potentialAction":[{"@type":"ReadAction","target":["https:\/\/www.camping-lelagon-argeles.com\/en\/practical-information\/"]}]},{"@type":"ImageObject","inLanguage":"en-US","@id":"https:\/\/www.camping-lelagon-argeles.com\/en\/practical-information\/#primaryimage","url":"https:\/\/www.camping-lelagon-argeles.com\/wp-content\/uploads\/2023\/10\/camping-lagon-argeles-1.webp","contentUrl":"https:\/\/www.camping-lelagon-argeles.com\/wp-content\/uploads\/2023\/10\/camping-lagon-argeles-1.webp","width":2000,"height":1332,"caption":"camping lagon argeles"},{"@type":"BreadcrumbList","@id":"https:\/\/www.camping-lelagon-argeles.com\/en\/practical-information\/#breadcrumb","itemListElement":[{"@type":"ListItem","position":1,"name":"Camping Argel\u00e8s-sur-Mer","item":"https:\/\/www.camping-lelagon-argeles.com\/en\/"},{"@type":"ListItem","position":2,"name":"Contact and access"}]},{"@type":"WebSite","@id":"https:\/\/www.camping-lelagon-argeles.com\/en\/#website","url":"https:\/\/www.camping-lelagon-argeles.com\/en\/","name":"Le Lagon d&#039;Argel\u00e8s-sur-Mer","description":"","publisher":{"@id":"https:\/\/www.camping-lelagon-argeles.com\/en\/#organization"},"potentialAction":[{"@type":"SearchAction","target":{"@type":"EntryPoint","urlTemplate":"https:\/\/www.camping-lelagon-argeles.com\/en\/?s={search_term_string}"},"query-input":{"@type":"PropertyValueSpecification","valueRequired":true,"valueName":"search_term_string"}}],"inLanguage":"en-US"},{"@type":"Organization","@id":"https:\/\/www.camping-lelagon-argeles.com\/en\/#organization","name":"Le Lagon d&#039;Argel\u00e8s-sur-Mer","url":"https:\/\/www.camping-lelagon-argeles.com\/en\/","logo":{"@type":"ImageObject","inLanguage":"en-US","@id":"https:\/\/www.camping-lelagon-argeles.com\/en\/#\/schema\/logo\/image\/","url":"https:\/\/www.camping-lelagon-argeles.com\/wp-content\/uploads\/2023\/10\/Le-Lagon-Argeles-Juillet-2023.png","contentUrl":"https:\/\/www.camping-lelagon-argeles.com\/wp-content\/uploads\/2023\/10\/Le-Lagon-Argeles-Juillet-2023.png","width":1891,"height":745,"caption":"Le Lagon d&#039;Argel\u00e8s-sur-Mer"},"image":{"@id":"https:\/\/www.camping-lelagon-argeles.com\/en\/#\/schema\/logo\/image\/"}}]}},"_links":{"self":[{"href":"https:\/\/www.camping-lelagon-argeles.com\/en\/wp-json\/wp\/v2\/pages\/8372","targetHints":{"allow":["GET"]}}],"collection":[{"href":"https:\/\/www.camping-lelagon-argeles.com\/en\/wp-json\/wp\/v2\/pages"}],"about":[{"href":"https:\/\/www.camping-lelagon-argeles.com\/en\/wp-json\/wp\/v2\/types\/page"}],"author":[{"embeddable":true,"href":"https:\/\/www.camping-lelagon-argeles.com\/en\/wp-json\/wp\/v2\/users\/1"}],"replies":[{"embeddable":true,"href":"https:\/\/www.camping-lelagon-argeles.com\/en\/wp-json\/wp\/v2\/comments?post=8372"}],"version-history":[{"count":3,"href":"https:\/\/www.camping-lelagon-argeles.com\/en\/wp-json\/wp\/v2\/pages\/8372\/revisions"}],"predecessor-version":[{"id":8375,"href":"https:\/\/www.camping-lelagon-argeles.com\/en\/wp-json\/wp\/v2\/pages\/8372\/revisions\/8375"}],"wp:featuredmedia":[{"embeddable":true,"href":"https:\/\/www.camping-lelagon-argeles.com\/en\/wp-json\/wp\/v2\/media\/7377"}],"wp:attachment":[{"href":"https:\/\/www.camping-lelagon-argeles.com\/en\/wp-json\/wp\/v2\/media?parent=8372"}],"wp:term":[{"taxonomy":"sujet","embeddable":true,"href":"https:\/\/www.camping-lelagon-argeles.com\/en\/wp-json\/wp\/v2\/sujet?post=8372"}],"curies":[{"name":"wp","href":"https:\/\/api.w.org\/{rel}","templated":true}]}}